{"id":7931,"date":"2019-05-22T11:41:23","date_gmt":"2019-05-22T11:41:23","guid":{"rendered":"http:\/\/hns.tonaflod.is\/?page_id=7931"},"modified":"2019-05-22T11:46:01","modified_gmt":"2019-05-22T11:46:01","slug":"cookies-policy","status":"publish","type":"page","link":"https:\/\/hotelnordurljos.is\/en\/cookies-policy\/","title":{"rendered":"Cookies Policy"},"content":{"rendered":"<p>H\u00f3tel Nor\u00f0urlj\u00f3s ehf., (\u201cus\u201d, \u201cwe\u201d, or \u201cour\u201d) uses cookies on the https:\/\/hotelnordurljos.is\u00a0website (the \u201cService\u201d).\u00a0\u00a0By using the Service, you consent to the use of cookies.<\/p>\n<p>Our Cookies Policy explains what cookies are, how we use cookies, how third-parties we may partner with may use cookies on the Service, your choices regarding cookies and further information about cookies.<\/p>\n<h4>What are cookies?<\/h4>\n<p>Cookies are small pieces of text sent to your web browser by a website you visit. A cookie file is stored in your web browser and allows the Service or a third-party to recognize you and make your next visit easier and the Service more useful to you.<\/p>\n<p>Cookies can be \u201cpersistent\u201d or \u201csession\u201d cookies. Persistent cookies remain on your personal computer or mobile device when you go offline, while session cookies are deleted as soon as you close your web browser.<\/p>\n<h4>How we use cookies<\/h4>\n<p>When you use and access the Service, we may place a number of cookies files in your web browser.<\/p>\n<p>We use cookies for the following purposes:<\/p>\n<ul>\n<li>To enable certain functions of the Service<\/li>\n<li>To provide analytics<\/li>\n<li>To store your preferences<\/li>\n<\/ul>\n<h4>What cookies are used on this website?<\/h4>\n<p>&nbsp;<\/p>\n<h5>Necessary Cookies<\/h5>\n<p>These cookies are necessary for the website to function and cannot be switched off in our systems.<\/p>\n<table border=\"1\">\n<tbody>\n<tr>\n<td><strong>Cookies<\/strong><\/td>\n<td><strong>Provider<\/strong><\/td>\n<td><strong>Purpose<\/strong><\/td>\n<\/tr>\n<tr>\n<td>CookieConsent<\/td>\n<td>hotelnordurljos.is<\/td>\n<td>Stores the user\u2019s cookie consent state for the current domain.<\/td>\n<\/tr>\n<\/tbody>\n<\/table>\n<p>&nbsp;<\/p>\n<h5>Functional Cookies<\/h5>\n<p>These cookies are used to remember your preferences.<\/p>\n<table border=\"1\">\n<tbody>\n<tr>\n<td><strong>Cookies<\/strong><\/td>\n<td><strong>Provider<\/strong><\/td>\n<td><strong>Purpose<\/strong><\/td>\n<\/tr>\n<tr>\n<td>_icl_current_language<\/td>\n<td>hotelnordurljos.is<\/td>\n<td>This cookie is used to determine the preferred language of the visitor and sets the language accordingly on the website, if possible.<\/td>\n<\/tr>\n<\/tbody>\n<\/table>\n<p>&nbsp;<\/p>\n<h5><strong>Technical Cookies<\/strong><\/h5>\n<table border=\"1\">\n<tbody>\n<tr>\n<td><strong>Cookies<\/strong><\/td>\n<td><strong>Provider<\/strong><\/td>\n<td><strong>Purpose<\/strong><\/td>\n<\/tr>\n<tr>\n<td>wordpress_test_cookie<br \/>\nwordpress_logged_in_<br \/>\nwordpress_sec<\/td>\n<td>hotelnordurljos.is<\/td>\n<td>These cookies are used by WordPress, our content management system (CMS).<\/td>\n<\/tr>\n<\/tbody>\n<\/table>\n<p>&nbsp;<\/p>\n<h5><strong>Analytics<\/strong><\/h5>\n<p>These cookies allow us to count visits and traffic sources, so we can measure and improve the performance of our site.<\/p>\n<table border=\"1\">\n<tbody>\n<tr>\n<td><strong>Cookies<\/strong><\/td>\n<td><strong>Provider<\/strong><\/td>\n<td><strong>Purpose<\/strong><\/td>\n<\/tr>\n<tr>\n<td>_ga, _gat, _gid<\/td>\n<td>hotelnordurljos.is<\/td>\n<td>We track anonymized user information to improve our website.<\/td>\n<\/tr>\n<\/tbody>\n<\/table>\n<p><strong>\u00a0<\/strong><\/p>\n","protected":false},"excerpt":{"rendered":"<p>H\u00f3tel Nor\u00f0urlj\u00f3s ehf., (\u201cus\u201d, \u201cwe\u201d, or \u201cour\u201d) uses cookies on the https:\/\/hotelnordurljos.is\u00a0website (the \u201cService\u201d).\u00a0\u00a0By using the Service, you consent to the use of cookies. Our Cookies Policy explains what cookies are, how we use cookies, how third-parties we may partner with may use cookies on the Service, your choices regarding cookies and further information about [&hellip;]<\/p>\n","protected":false},"author":1,"featured_media":0,"parent":0,"menu_order":0,"comment_status":"closed","ping_status":"closed","template":"","meta":{"footnotes":""},"class_list":["post-7931","page","type-page","status-publish","hentry"],"_links":{"self":[{"href":"https:\/\/hotelnordurljos.is\/en\/wp-json\/wp\/v2\/pages\/7931","targetHints":{"allow":["GET"]}}],"collection":[{"href":"https:\/\/hotelnordurljos.is\/en\/wp-json\/wp\/v2\/pages"}],"about":[{"href":"https:\/\/hotelnordurljos.is\/en\/wp-json\/wp\/v2\/types\/page"}],"author":[{"embeddable":true,"href":"https:\/\/hotelnordurljos.is\/en\/wp-json\/wp\/v2\/users\/1"}],"replies":[{"embeddable":true,"href":"https:\/\/hotelnordurljos.is\/en\/wp-json\/wp\/v2\/comments?post=7931"}],"version-history":[{"count":0,"href":"https:\/\/hotelnordurljos.is\/en\/wp-json\/wp\/v2\/pages\/7931\/revisions"}],"wp:attachment":[{"href":"https:\/\/hotelnordurljos.is\/en\/wp-json\/wp\/v2\/media?parent=7931"}],"curies":[{"name":"wp","href":"https:\/\/api.w.org\/{rel}","templated":true}]}}