{"id":7848,"date":"2019-05-22T00:11:18","date_gmt":"2019-05-22T00:11:18","guid":{"rendered":"http:\/\/hns.tonaflod.is\/rooms\/"},"modified":"2025-08-07T22:30:30","modified_gmt":"2025-08-07T22:30:30","slug":"rooms","status":"publish","type":"page","link":"https:\/\/hotelnordurljos.is\/en\/rooms\/","title":{"rendered":"Rooms"},"content":{"rendered":"\t\t<div data-elementor-type=\"wp-post\" data-elementor-id=\"7848\" class=\"elementor elementor-7848 elementor-7590\" data-elementor-post-type=\"page\">\n\t\t\t\t\t\t<section class=\"elementor-section elementor-top-section elementor-element elementor-element-5c27fa25 elementor-section-boxed elementor-section-height-default elementor-section-height-default\" data-id=\"5c27fa25\" data-element_type=\"section\" data-e-type=\"section\">\n\t\t\t\t\t\t<div class=\"elementor-container elementor-column-gap-default\">\n\t\t\t\t\t<div class=\"elementor-column elementor-col-100 elementor-top-column elementor-element elementor-element-4a87d354\" data-id=\"4a87d354\" data-element_type=\"column\" data-e-type=\"column\">\n\t\t\t<div class=\"elementor-widget-wrap elementor-element-populated\">\n\t\t\t\t\t\t<div class=\"elementor-element elementor-element-5ef45aa5 elementor-widget elementor-widget-text-editor\" data-id=\"5ef45aa5\" data-element_type=\"widget\" data-e-type=\"widget\" data-widget_type=\"text-editor.default\">\n\t\t\t\t<div class=\"elementor-widget-container\">\n\t\t\t\t\t\t\t\t\t<p style=\"text-align: center;\">The hotel has 18 rooms, of which 15 have a private bathroom.<\/p>\t\t\t\t\t\t\t\t<\/div>\n\t\t\t\t<\/div>\n\t\t\t\t\t<\/div>\n\t\t<\/div>\n\t\t\t\t\t<\/div>\n\t\t<\/section>\n\t\t\t\t<section class=\"elementor-section elementor-top-section elementor-element elementor-element-6a39bae7 elementor-section-content-middle elementor-section-boxed elementor-section-height-default elementor-section-height-default\" data-id=\"6a39bae7\" data-element_type=\"section\" data-e-type=\"section\" data-settings=\"{&quot;background_background&quot;:&quot;classic&quot;}\">\n\t\t\t\t\t\t\t<div class=\"elementor-background-overlay\"><\/div>\n\t\t\t\t\t\t\t<div class=\"elementor-container elementor-column-gap-default\">\n\t\t\t\t\t<div class=\"elementor-column elementor-col-100 elementor-top-column elementor-element elementor-element-6835e440\" data-id=\"6835e440\" data-element_type=\"column\" data-e-type=\"column\">\n\t\t\t<div class=\"elementor-widget-wrap elementor-element-populated\">\n\t\t\t\t\t\t<section class=\"elementor-section elementor-inner-section elementor-element elementor-element-44b46c5d elementor-section-boxed elementor-section-height-default elementor-section-height-default\" data-id=\"44b46c5d\" data-element_type=\"section\" data-e-type=\"section\">\n\t\t\t\t\t\t<div class=\"elementor-container elementor-column-gap-extended\">\n\t\t\t\t\t<div class=\"elementor-column elementor-col-33 elementor-inner-column elementor-element elementor-element-3e76fadf\" data-id=\"3e76fadf\" data-element_type=\"column\" data-e-type=\"column\">\n\t\t\t<div class=\"elementor-widget-wrap elementor-element-populated\">\n\t\t\t\t\t\t<div class=\"elementor-element elementor-element-bae8025 elementor-widget elementor-widget-image\" data-id=\"bae8025\" data-element_type=\"widget\" data-e-type=\"widget\" data-widget_type=\"image.default\">\n\t\t\t\t<div class=\"elementor-widget-container\">\n\t\t\t\t\t\t\t\t\t\t\t\t\t\t\t\t<a href=\"https:\/\/hotelnordurljos.is\/wp-content\/uploads\/2019\/05\/herbergi8.jpg\" data-elementor-open-lightbox=\"yes\" data-elementor-lightbox-title=\"H\u00f3tel Nor\u00f0urlj\u00f3s\" data-e-action-hash=\"#elementor-action%3Aaction%3Dlightbox%26settings%3DeyJpZCI6Nzc4OCwidXJsIjoiaHR0cHM6XC9cL2hvdGVsbm9yZHVybGpvcy5pc1wvd3AtY29udGVudFwvdXBsb2Fkc1wvMjAxOVwvMDVcL2hlcmJlcmdpOC5qcGcifQ%3D%3D\">\n\t\t\t\t\t\t\t<img decoding=\"async\" src=\"https:\/\/hotelnordurljos.is\/wp-content\/uploads\/elementor\/thumbs\/herbergi8-pdtuysk0waae8yc01hbbm0jszqx1r6zev7q3iasbi8.jpg\" title=\"H\u00f3tel Nor\u00f0urlj\u00f3s\" alt=\"H\u00f3tel Nor\u00f0urlj\u00f3s\" class=\"elementor-animation-float\" loading=\"lazy\" \/>\t\t\t\t\t\t\t\t<\/a>\n\t\t\t\t\t\t\t\t\t\t\t\t\t\t\t<\/div>\n\t\t\t\t<\/div>\n\t\t\t\t\t<\/div>\n\t\t<\/div>\n\t\t\t\t<div class=\"elementor-column elementor-col-33 elementor-inner-column elementor-element elementor-element-67e5b59b\" data-id=\"67e5b59b\" data-element_type=\"column\" data-e-type=\"column\">\n\t\t\t<div class=\"elementor-widget-wrap elementor-element-populated\">\n\t\t\t\t\t\t<div class=\"elementor-element elementor-element-59f800a2 elementor-widget elementor-widget-image\" data-id=\"59f800a2\" data-element_type=\"widget\" data-e-type=\"widget\" data-widget_type=\"image.default\">\n\t\t\t\t<div class=\"elementor-widget-container\">\n\t\t\t\t\t\t\t\t\t\t\t\t\t\t\t\t<a href=\"https:\/\/hotelnordurljos.is\/wp-content\/uploads\/2019\/05\/herbergi7.jpg\" data-elementor-open-lightbox=\"yes\" data-elementor-lightbox-title=\"H\u00f3tel Nor\u00f0urlj\u00f3s\" data-e-action-hash=\"#elementor-action%3Aaction%3Dlightbox%26settings%3DeyJpZCI6Nzc4NiwidXJsIjoiaHR0cHM6XC9cL2hvdGVsbm9yZHVybGpvcy5pc1wvd3AtY29udGVudFwvdXBsb2Fkc1wvMjAxOVwvMDVcL2hlcmJlcmdpNy5qcGcifQ%3D%3D\">\n\t\t\t\t\t\t\t<img decoding=\"async\" src=\"https:\/\/hotelnordurljos.is\/wp-content\/uploads\/elementor\/thumbs\/herbergi7-pdtuyk3h6rytcgoaevnohkonna2qtx1tu1uq6t4v28.jpg\" title=\"H\u00f3tel Nor\u00f0urlj\u00f3s\" alt=\"H\u00f3tel Nor\u00f0urlj\u00f3s\" class=\"elementor-animation-float\" loading=\"lazy\" \/>\t\t\t\t\t\t\t\t<\/a>\n\t\t\t\t\t\t\t\t\t\t\t\t\t\t\t<\/div>\n\t\t\t\t<\/div>\n\t\t\t\t\t<\/div>\n\t\t<\/div>\n\t\t\t\t<div class=\"elementor-column elementor-col-33 elementor-inner-column elementor-element elementor-element-7e682cf\" data-id=\"7e682cf\" data-element_type=\"column\" data-e-type=\"column\">\n\t\t\t<div class=\"elementor-widget-wrap elementor-element-populated\">\n\t\t\t\t\t\t<div class=\"elementor-element elementor-element-77b19fbb elementor-widget elementor-widget-image\" data-id=\"77b19fbb\" data-element_type=\"widget\" data-e-type=\"widget\" data-widget_type=\"image.default\">\n\t\t\t\t<div class=\"elementor-widget-container\">\n\t\t\t\t\t\t\t\t\t\t\t\t\t\t\t\t<a href=\"https:\/\/hotelnordurljos.is\/wp-content\/uploads\/2019\/05\/herbergi3.jpg\" data-elementor-open-lightbox=\"yes\" data-elementor-lightbox-title=\"H\u00f3tel Nor\u00f0urlj\u00f3s\" data-e-action-hash=\"#elementor-action%3Aaction%3Dlightbox%26settings%3DeyJpZCI6Nzc3MywidXJsIjoiaHR0cHM6XC9cL2hvdGVsbm9yZHVybGpvcy5pc1wvd3AtY29udGVudFwvdXBsb2Fkc1wvMjAxOVwvMDVcL2hlcmJlcmdpMy5qcGcifQ%3D%3D\">\n\t\t\t\t\t\t\t<img decoding=\"async\" src=\"https:\/\/hotelnordurljos.is\/wp-content\/uploads\/elementor\/thumbs\/herbergi3-pdtv0cycacfllk22w5oxrmbgmv72l17b2yv8awgp4w.jpg\" title=\"H\u00f3tel Nor\u00f0urlj\u00f3s\" alt=\"H\u00f3tel Nor\u00f0urlj\u00f3s\" class=\"elementor-animation-float\" loading=\"lazy\" \/>\t\t\t\t\t\t\t\t<\/a>\n\t\t\t\t\t\t\t\t\t\t\t\t\t\t\t<\/div>\n\t\t\t\t<\/div>\n\t\t\t\t\t<\/div>\n\t\t<\/div>\n\t\t\t\t\t<\/div>\n\t\t<\/section>\n\t\t\t\t<section class=\"elementor-section elementor-inner-section elementor-element elementor-element-7ef5e4dc elementor-section-boxed elementor-section-height-default elementor-section-height-default\" data-id=\"7ef5e4dc\" data-element_type=\"section\" data-e-type=\"section\">\n\t\t\t\t\t\t<div class=\"elementor-container elementor-column-gap-extended\">\n\t\t\t\t\t<div class=\"elementor-column elementor-col-66 elementor-inner-column elementor-element elementor-element-1e59375a\" data-id=\"1e59375a\" data-element_type=\"column\" data-e-type=\"column\">\n\t\t\t<div class=\"elementor-widget-wrap elementor-element-populated\">\n\t\t\t\t\t\t<div class=\"elementor-element elementor-element-3d303d94 elementor-widget elementor-widget-image\" data-id=\"3d303d94\" data-element_type=\"widget\" data-e-type=\"widget\" data-widget_type=\"image.default\">\n\t\t\t\t<div class=\"elementor-widget-container\">\n\t\t\t\t\t\t\t\t\t\t\t\t\t\t\t\t<a href=\"https:\/\/hotelnordurljos.is\/wp-content\/uploads\/2019\/05\/herbergi1.jpg\" data-elementor-open-lightbox=\"yes\" data-elementor-lightbox-title=\"H\u00f3tel Nor\u00f0urlj\u00f3s\" data-e-action-hash=\"#elementor-action%3Aaction%3Dlightbox%26settings%3DeyJpZCI6Nzc2NiwidXJsIjoiaHR0cHM6XC9cL2hvdGVsbm9yZHVybGpvcy5pc1wvd3AtY29udGVudFwvdXBsb2Fkc1wvMjAxOVwvMDVcL2hlcmJlcmdpMS5qcGcifQ%3D%3D\">\n\t\t\t\t\t\t\t<img decoding=\"async\" src=\"https:\/\/hotelnordurljos.is\/wp-content\/uploads\/elementor\/thumbs\/herbergi1-pdtuzyurftwn1d14s4t0chdjye7353u1l4dnbiyl5k.jpg\" title=\"H\u00f3tel Nor\u00f0urlj\u00f3s\" alt=\"H\u00f3tel Nor\u00f0urlj\u00f3s\" class=\"elementor-animation-float\" loading=\"lazy\" \/>\t\t\t\t\t\t\t\t<\/a>\n\t\t\t\t\t\t\t\t\t\t\t\t\t\t\t<\/div>\n\t\t\t\t<\/div>\n\t\t\t\t\t<\/div>\n\t\t<\/div>\n\t\t\t\t<div class=\"elementor-column elementor-col-33 elementor-inner-column elementor-element elementor-element-2c11bd06\" data-id=\"2c11bd06\" data-element_type=\"column\" data-e-type=\"column\">\n\t\t\t<div class=\"elementor-widget-wrap elementor-element-populated\">\n\t\t\t\t\t\t<div class=\"elementor-element elementor-element-399212b8 elementor-widget elementor-widget-image\" data-id=\"399212b8\" data-element_type=\"widget\" data-e-type=\"widget\" data-widget_type=\"image.default\">\n\t\t\t\t<div class=\"elementor-widget-container\">\n\t\t\t\t\t\t\t\t\t\t\t\t\t\t\t\t<a href=\"https:\/\/hotelnordurljos.is\/wp-content\/uploads\/2025\/08\/herbergi2b-1.jpg\" data-elementor-open-lightbox=\"yes\" data-elementor-lightbox-title=\"herbergi2b\" data-e-action-hash=\"#elementor-action%3Aaction%3Dlightbox%26settings%3DeyJpZCI6ODAzMiwidXJsIjoiaHR0cHM6XC9cL2hvdGVsbm9yZHVybGpvcy5pc1wvd3AtY29udGVudFwvdXBsb2Fkc1wvMjAyNVwvMDhcL2hlcmJlcmdpMmItMS5qcGcifQ%3D%3D\">\n\t\t\t\t\t\t\t<img decoding=\"async\" src=\"https:\/\/hotelnordurljos.is\/wp-content\/uploads\/elementor\/thumbs\/herbergi2b-1-r9xed98te6ydjw76x7lwnlffpekfh1qb4gm5tz6rc0.jpg\" title=\"herbergi2b\" alt=\"herbergi2b\" class=\"elementor-animation-float\" loading=\"lazy\" \/>\t\t\t\t\t\t\t\t<\/a>\n\t\t\t\t\t\t\t\t\t\t\t\t\t\t\t<\/div>\n\t\t\t\t<\/div>\n\t\t\t\t\t<\/div>\n\t\t<\/div>\n\t\t\t\t\t<\/div>\n\t\t<\/section>\n\t\t\t\t<section class=\"elementor-section elementor-inner-section elementor-element elementor-element-83e1222 elementor-section-boxed elementor-section-height-default elementor-section-height-default\" data-id=\"83e1222\" data-element_type=\"section\" data-e-type=\"section\">\n\t\t\t\t\t\t<div class=\"elementor-container elementor-column-gap-extended\">\n\t\t\t\t\t<div class=\"elementor-column elementor-col-33 elementor-inner-column elementor-element elementor-element-11c81c2b\" data-id=\"11c81c2b\" data-element_type=\"column\" data-e-type=\"column\">\n\t\t\t<div class=\"elementor-widget-wrap elementor-element-populated\">\n\t\t\t\t\t\t<div class=\"elementor-element elementor-element-53e9ee02 elementor-widget elementor-widget-image\" data-id=\"53e9ee02\" data-element_type=\"widget\" data-e-type=\"widget\" data-widget_type=\"image.default\">\n\t\t\t\t<div class=\"elementor-widget-container\">\n\t\t\t\t\t\t\t\t\t\t\t\t\t\t\t\t<a href=\"https:\/\/hotelnordurljos.is\/wp-content\/uploads\/2019\/05\/herbergi6.jpg\" data-elementor-open-lightbox=\"yes\" data-elementor-lightbox-title=\"H\u00f3tel Nor\u00f0urlj\u00f3s\" data-e-action-hash=\"#elementor-action%3Aaction%3Dlightbox%26settings%3DeyJpZCI6Nzc4NCwidXJsIjoiaHR0cHM6XC9cL2hvdGVsbm9yZHVybGpvcy5pc1wvd3AtY29udGVudFwvdXBsb2Fkc1wvMjAxOVwvMDVcL2hlcmJlcmdpNi5qcGcifQ%3D%3D\">\n\t\t\t\t\t\t\t<img decoding=\"async\" src=\"https:\/\/hotelnordurljos.is\/wp-content\/uploads\/elementor\/thumbs\/herbergi6-pdtuywbdnmfjje6jfixtvzlndaeilzec7qc1femqtc.jpg\" title=\"H\u00f3tel Nor\u00f0urlj\u00f3s\" alt=\"H\u00f3tel Nor\u00f0urlj\u00f3s\" class=\"elementor-animation-float\" loading=\"lazy\" \/>\t\t\t\t\t\t\t\t<\/a>\n\t\t\t\t\t\t\t\t\t\t\t\t\t\t\t<\/div>\n\t\t\t\t<\/div>\n\t\t\t\t\t<\/div>\n\t\t<\/div>\n\t\t\t\t<div class=\"elementor-column elementor-col-33 elementor-inner-column elementor-element elementor-element-51400c13\" data-id=\"51400c13\" data-element_type=\"column\" data-e-type=\"column\">\n\t\t\t<div class=\"elementor-widget-wrap elementor-element-populated\">\n\t\t\t\t\t\t<div class=\"elementor-element elementor-element-7ff6e589 elementor-widget elementor-widget-image\" data-id=\"7ff6e589\" data-element_type=\"widget\" data-e-type=\"widget\" data-widget_type=\"image.default\">\n\t\t\t\t<div class=\"elementor-widget-container\">\n\t\t\t\t\t\t\t\t\t\t\t\t\t\t\t\t<a href=\"https:\/\/hotelnordurljos.is\/wp-content\/uploads\/2025\/08\/herbergi5b-1.jpg\" data-elementor-open-lightbox=\"yes\" data-elementor-lightbox-title=\"herbergi5b\" data-e-action-hash=\"#elementor-action%3Aaction%3Dlightbox%26settings%3DeyJpZCI6ODAzMCwidXJsIjoiaHR0cHM6XC9cL2hvdGVsbm9yZHVybGpvcy5pc1wvd3AtY29udGVudFwvdXBsb2Fkc1wvMjAyNVwvMDhcL2hlcmJlcmdpNWItMS5qcGcifQ%3D%3D\">\n\t\t\t\t\t\t\t<img decoding=\"async\" src=\"https:\/\/hotelnordurljos.is\/wp-content\/uploads\/elementor\/thumbs\/herbergi5b-1-r9xeboumvjucykdr1l9apgd54vjb34jtnzv1fb7hhc.jpg\" title=\"herbergi5b\" alt=\"herbergi5b\" class=\"elementor-animation-float\" loading=\"lazy\" \/>\t\t\t\t\t\t\t\t<\/a>\n\t\t\t\t\t\t\t\t\t\t\t\t\t\t\t<\/div>\n\t\t\t\t<\/div>\n\t\t\t\t\t<\/div>\n\t\t<\/div>\n\t\t\t\t<div class=\"elementor-column elementor-col-33 elementor-inner-column elementor-element elementor-element-1b13c23\" data-id=\"1b13c23\" data-element_type=\"column\" data-e-type=\"column\">\n\t\t\t<div class=\"elementor-widget-wrap elementor-element-populated\">\n\t\t\t\t\t\t<div class=\"elementor-element elementor-element-5b8bb77c elementor-widget elementor-widget-image\" data-id=\"5b8bb77c\" data-element_type=\"widget\" data-e-type=\"widget\" data-widget_type=\"image.default\">\n\t\t\t\t<div class=\"elementor-widget-container\">\n\t\t\t\t\t\t\t\t\t\t\t\t\t\t\t\t<a href=\"https:\/\/hotelnordurljos.is\/wp-content\/uploads\/2025\/08\/herbergi4b-1.jpg\" data-elementor-open-lightbox=\"yes\" data-elementor-lightbox-title=\"herbergi4b\" data-e-action-hash=\"#elementor-action%3Aaction%3Dlightbox%26settings%3DeyJpZCI6ODAzMSwidXJsIjoiaHR0cHM6XC9cL2hvdGVsbm9yZHVybGpvcy5pc1wvd3AtY29udGVudFwvdXBsb2Fkc1wvMjAyNVwvMDhcL2hlcmJlcmdpNGItMS5qcGcifQ%3D%3D\">\n\t\t\t\t\t\t\t<img decoding=\"async\" src=\"https:\/\/hotelnordurljos.is\/wp-content\/uploads\/elementor\/thumbs\/herbergi4b-1-r9xecoki39797qxv90p4c7cnpin97mhmgwnhntqiww.jpg\" title=\"herbergi4b\" alt=\"herbergi4b\" class=\"elementor-animation-float\" loading=\"lazy\" \/>\t\t\t\t\t\t\t\t<\/a>\n\t\t\t\t\t\t\t\t\t\t\t\t\t\t\t<\/div>\n\t\t\t\t<\/div>\n\t\t\t\t\t<\/div>\n\t\t<\/div>\n\t\t\t\t\t<\/div>\n\t\t<\/section>\n\t\t\t\t\t<\/div>\n\t\t<\/div>\n\t\t\t\t\t<\/div>\n\t\t<\/section>\n\t\t\t\t<\/div>\n\t\t","protected":false},"excerpt":{"rendered":"<p>The hotel has 18 rooms, of which 15 have a private bathroom.<\/p>\n","protected":false},"author":1,"featured_media":7991,"parent":0,"menu_order":0,"comment_status":"closed","ping_status":"closed","template":"","meta":{"footnotes":""},"class_list":["post-7848","page","type-page","status-publish","has-post-thumbnail","hentry"],"_links":{"self":[{"href":"https:\/\/hotelnordurljos.is\/en\/wp-json\/wp\/v2\/pages\/7848","targetHints":{"allow":["GET"]}}],"collection":[{"href":"https:\/\/hotelnordurljos.is\/en\/wp-json\/wp\/v2\/pages"}],"about":[{"href":"https:\/\/hotelnordurljos.is\/en\/wp-json\/wp\/v2\/types\/page"}],"author":[{"embeddable":true,"href":"https:\/\/hotelnordurljos.is\/en\/wp-json\/wp\/v2\/users\/1"}],"replies":[{"embeddable":true,"href":"https:\/\/hotelnordurljos.is\/en\/wp-json\/wp\/v2\/comments?post=7848"}],"version-history":[{"count":3,"href":"https:\/\/hotelnordurljos.is\/en\/wp-json\/wp\/v2\/pages\/7848\/revisions"}],"predecessor-version":[{"id":8035,"href":"https:\/\/hotelnordurljos.is\/en\/wp-json\/wp\/v2\/pages\/7848\/revisions\/8035"}],"wp:featuredmedia":[{"embeddable":true,"href":"https:\/\/hotelnordurljos.is\/en\/wp-json\/wp\/v2\/media\/7991"}],"wp:attachment":[{"href":"https:\/\/hotelnordurljos.is\/en\/wp-json\/wp\/v2\/media?parent=7848"}],"curies":[{"name":"wp","href":"https:\/\/api.w.org\/{rel}","templated":true}]}}