{"id":7832,"date":"2019-05-21T23:37:53","date_gmt":"2019-05-21T23:37:53","guid":{"rendered":"https:\/\/hns.tonaflod.is\/surroundings\/"},"modified":"2019-06-20T17:20:49","modified_gmt":"2019-06-20T17:20:49","slug":"surroundings","status":"publish","type":"page","link":"https:\/\/hotelnordurljos.is\/en\/surroundings\/","title":{"rendered":"Surroundings"},"content":{"rendered":"\t\t<div data-elementor-type=\"wp-post\" data-elementor-id=\"7832\" class=\"elementor elementor-7832 elementor-7594\" data-elementor-post-type=\"page\">\n\t\t\t\t\t\t<section class=\"elementor-section elementor-top-section elementor-element elementor-element-4210fce elementor-section-boxed elementor-section-height-default elementor-section-height-default\" data-id=\"4210fce\" data-element_type=\"section\" data-e-type=\"section\">\n\t\t\t\t\t\t<div class=\"elementor-container elementor-column-gap-default\">\n\t\t\t\t\t<div class=\"elementor-column elementor-col-100 elementor-top-column elementor-element elementor-element-eb55d9d\" data-id=\"eb55d9d\" data-element_type=\"column\" data-e-type=\"column\">\n\t\t\t<div class=\"elementor-widget-wrap elementor-element-populated\">\n\t\t\t\t\t\t<div class=\"elementor-element elementor-element-5e6e26b elementor-widget elementor-widget-video\" data-id=\"5e6e26b\" data-element_type=\"widget\" data-e-type=\"widget\" data-settings=\"{&quot;video_type&quot;:&quot;vimeo&quot;}\" data-widget_type=\"video.default\">\n\t\t\t\t<div class=\"elementor-widget-container\">\n\t\t\t\t\t\t\t<div class=\"elementor-wrapper elementor-open-inline\">\n\t\t\t<iframe class=\"elementor-video-iframe\" allowfullscreen allow=\"clipboard-write\" title=\"vimeo Video Player\" src=\"https:\/\/player.vimeo.com\/video\/337652868?color&amp;autopause=0&amp;loop=0&amp;muted=0&amp;title=0&amp;portrait=0&amp;byline=0&amp;h=bb483e9747#t=\"><\/iframe>\t\t<\/div>\n\t\t\t\t\t\t<\/div>\n\t\t\t\t<\/div>\n\t\t\t\t<div class=\"elementor-element elementor-element-18a6956 elementor-widget elementor-widget-text-editor\" data-id=\"18a6956\" data-element_type=\"widget\" data-e-type=\"widget\" data-widget_type=\"text-editor.default\">\n\t\t\t\t<div class=\"elementor-widget-container\">\n\t\t\t\t\t\t\t\t\t<p>The village of Raufarh\u00f6fn is the community that lies farthest north in Iceland. It is located in the eastern part of the Sl\u00e9ttan (Melrakkas\u00e9tta) close to the Arctic Circle. A wide and untouched open area surrounds the village with a lot of birds and varied vegetation. In summer one will observe wild migratory birds within the village being a part of the village life with the villagers most often waking up in the morning to the songs of birds. The coastline with its inlets and creeks is filled with driftwood and reaches out into the Arctic Sea. Away and on the surface of the sea various sea-birds will be spotted and a occasional seal. On the beach waders strut and inland on the grassy moorlands there are dozens of lakes filled with trout. In the vicinity many species of ducks, waders and species that favor heaths and moorlands may be observed.<\/p>\n\t\t\t\t\t\t\t\t<\/div>\n\t\t\t\t<\/div>\n\t\t\t\t\t<\/div>\n\t\t<\/div>\n\t\t\t\t\t<\/div>\n\t\t<\/section>\n\t\t\t\t<section class=\"elementor-section elementor-top-section elementor-element elementor-element-3c22bffd elementor-section-content-middle elementor-section-boxed elementor-section-height-default elementor-section-height-default\" data-id=\"3c22bffd\" data-element_type=\"section\" data-e-type=\"section\" data-settings=\"{&quot;background_background&quot;:&quot;classic&quot;}\">\n\t\t\t\t\t\t\t<div class=\"elementor-background-overlay\"><\/div>\n\t\t\t\t\t\t\t<div class=\"elementor-container elementor-column-gap-default\">\n\t\t\t\t\t<div class=\"elementor-column elementor-col-100 elementor-top-column elementor-element elementor-element-4145dc54\" data-id=\"4145dc54\" data-element_type=\"column\" data-e-type=\"column\">\n\t\t\t<div class=\"elementor-widget-wrap elementor-element-populated\">\n\t\t\t\t\t\t<section class=\"elementor-section elementor-inner-section elementor-element elementor-element-5796da05 elementor-section-boxed elementor-section-height-default elementor-section-height-default\" data-id=\"5796da05\" data-element_type=\"section\" data-e-type=\"section\">\n\t\t\t\t\t\t<div class=\"elementor-container elementor-column-gap-extended\">\n\t\t\t\t\t<div class=\"elementor-column elementor-col-25 elementor-inner-column elementor-element elementor-element-5849578\" data-id=\"5849578\" data-element_type=\"column\" data-e-type=\"column\">\n\t\t\t<div class=\"elementor-widget-wrap elementor-element-populated\">\n\t\t\t\t\t\t<div class=\"elementor-element elementor-element-34062140 elementor-widget elementor-widget-image\" data-id=\"34062140\" data-element_type=\"widget\" data-e-type=\"widget\" data-widget_type=\"image.default\">\n\t\t\t\t<div class=\"elementor-widget-container\">\n\t\t\t\t\t\t\t\t\t\t\t\t\t\t\t\t<a href=\"https:\/\/hotelnordurljos.is\/wp-content\/uploads\/2019\/05\/umhverfi7.jpg\" data-elementor-open-lightbox=\"yes\" data-elementor-lightbox-title=\"Umhverfi\" data-e-action-hash=\"#elementor-action%3Aaction%3Dlightbox%26settings%3DeyJpZCI6NzgxNywidXJsIjoiaHR0cHM6XC9cL2hvdGVsbm9yZHVybGpvcy5pc1wvd3AtY29udGVudFwvdXBsb2Fkc1wvMjAxOVwvMDVcL3VtaHZlcmZpNy5qcGcifQ%3D%3D\">\n\t\t\t\t\t\t\t<img decoding=\"async\" src=\"https:\/\/hotelnordurljos.is\/wp-content\/uploads\/elementor\/thumbs\/umhverfi7-pdtuyoso4y58yihgnfotc1hym7fkwekhip45l6xw74.jpg\" title=\"Umhverfi\" alt=\"Umhverfi\" class=\"elementor-animation-float\" loading=\"lazy\" \/>\t\t\t\t\t\t\t\t<\/a>\n\t\t\t\t\t\t\t\t\t\t\t\t\t\t\t<\/div>\n\t\t\t\t<\/div>\n\t\t\t\t\t<\/div>\n\t\t<\/div>\n\t\t\t\t<div class=\"elementor-column elementor-col-25 elementor-inner-column elementor-element elementor-element-6bc352b9\" data-id=\"6bc352b9\" data-element_type=\"column\" data-e-type=\"column\">\n\t\t\t<div class=\"elementor-widget-wrap elementor-element-populated\">\n\t\t\t\t\t\t<div class=\"elementor-element elementor-element-2f2b9078 elementor-widget elementor-widget-image\" data-id=\"2f2b9078\" data-element_type=\"widget\" data-e-type=\"widget\" data-widget_type=\"image.default\">\n\t\t\t\t<div class=\"elementor-widget-container\">\n\t\t\t\t\t\t\t\t\t\t\t\t\t\t\t\t<a href=\"https:\/\/hotelnordurljos.is\/wp-content\/uploads\/2019\/05\/umhverfi5.jpg\" data-elementor-open-lightbox=\"yes\" data-elementor-lightbox-title=\"Umhverfi\" data-e-action-hash=\"#elementor-action%3Aaction%3Dlightbox%26settings%3DeyJpZCI6NzgxNiwidXJsIjoiaHR0cHM6XC9cL2hvdGVsbm9yZHVybGpvcy5pc1wvd3AtY29udGVudFwvdXBsb2Fkc1wvMjAxOVwvMDVcL3VtaHZlcmZpNS5qcGcifQ%3D%3D\">\n\t\t\t\t\t\t\t<img decoding=\"async\" src=\"https:\/\/hotelnordurljos.is\/wp-content\/uploads\/elementor\/thumbs\/umhverfi5-pdtv07bb5c7vnwa9t396cnqp2jyvaukx26ybf8p268.jpg\" title=\"Umhverfi\" alt=\"Umhverfi\" class=\"elementor-animation-float\" loading=\"lazy\" \/>\t\t\t\t\t\t\t\t<\/a>\n\t\t\t\t\t\t\t\t\t\t\t\t\t\t\t<\/div>\n\t\t\t\t<\/div>\n\t\t\t\t\t<\/div>\n\t\t<\/div>\n\t\t\t\t<div class=\"elementor-column elementor-col-25 elementor-inner-column elementor-element elementor-element-d6bd74b\" data-id=\"d6bd74b\" data-element_type=\"column\" data-e-type=\"column\">\n\t\t\t<div class=\"elementor-widget-wrap elementor-element-populated\">\n\t\t\t\t\t\t<div class=\"elementor-element elementor-element-51e720b elementor-widget elementor-widget-image\" data-id=\"51e720b\" data-element_type=\"widget\" data-e-type=\"widget\" data-widget_type=\"image.default\">\n\t\t\t\t<div class=\"elementor-widget-container\">\n\t\t\t\t\t\t\t\t\t\t\t\t\t\t\t\t<a href=\"https:\/\/hotelnordurljos.is\/wp-content\/uploads\/2019\/05\/umhverfi6.jpg\" data-elementor-open-lightbox=\"yes\" data-elementor-lightbox-title=\"Umhverfi\" data-e-action-hash=\"#elementor-action%3Aaction%3Dlightbox%26settings%3DeyJpZCI6NzgxOCwidXJsIjoiaHR0cHM6XC9cL2hvdGVsbm9yZHVybGpvcy5pc1wvd3AtY29udGVudFwvdXBsb2Fkc1wvMjAxOVwvMDVcL3VtaHZlcmZpNi5qcGcifQ%3D%3D\">\n\t\t\t\t\t\t\t<img decoding=\"async\" src=\"https:\/\/hotelnordurljos.is\/wp-content\/uploads\/elementor\/thumbs\/umhverfi6-pdtuyufp9ycyw699qi4kr02q6ins6l6vjh12gupj5s.jpg\" title=\"Umhverfi\" alt=\"Umhverfi\" class=\"elementor-animation-float\" loading=\"lazy\" \/>\t\t\t\t\t\t\t\t<\/a>\n\t\t\t\t\t\t\t\t\t\t\t\t\t\t\t<\/div>\n\t\t\t\t<\/div>\n\t\t\t\t\t<\/div>\n\t\t<\/div>\n\t\t\t\t<div class=\"elementor-column elementor-col-25 elementor-inner-column elementor-element elementor-element-57c16643\" data-id=\"57c16643\" data-element_type=\"column\" data-e-type=\"column\">\n\t\t\t<div class=\"elementor-widget-wrap elementor-element-populated\">\n\t\t\t\t\t\t<div class=\"elementor-element elementor-element-67b72678 elementor-widget elementor-widget-image\" data-id=\"67b72678\" data-element_type=\"widget\" data-e-type=\"widget\" data-widget_type=\"image.default\">\n\t\t\t\t<div class=\"elementor-widget-container\">\n\t\t\t\t\t\t\t\t\t\t\t\t\t\t\t\t<a href=\"https:\/\/hotelnordurljos.is\/wp-content\/uploads\/2019\/05\/umhverfi4.jpg\" data-elementor-open-lightbox=\"yes\" data-elementor-lightbox-title=\"Umhverfi\" data-e-action-hash=\"#elementor-action%3Aaction%3Dlightbox%26settings%3DeyJpZCI6NzgyMCwidXJsIjoiaHR0cHM6XC9cL2hvdGVsbm9yZHVybGpvcy5pc1wvd3AtY29udGVudFwvdXBsb2Fkc1wvMjAxOVwvMDVcL3VtaHZlcmZpNC5qcGcifQ%3D%3D\">\n\t\t\t\t\t\t\t<img decoding=\"async\" src=\"https:\/\/hotelnordurljos.is\/wp-content\/uploads\/elementor\/thumbs\/umhverfi4-pdtuylz5kg1dzolk3wgxmk7ku1th9b9aib5p5d22ps.jpg\" title=\"Umhverfi\" alt=\"Umhverfi\" class=\"elementor-animation-float\" loading=\"lazy\" \/>\t\t\t\t\t\t\t\t<\/a>\n\t\t\t\t\t\t\t\t\t\t\t\t\t\t\t<\/div>\n\t\t\t\t<\/div>\n\t\t\t\t\t<\/div>\n\t\t<\/div>\n\t\t\t\t\t<\/div>\n\t\t<\/section>\n\t\t\t\t<section class=\"elementor-section elementor-inner-section elementor-element elementor-element-241cff4e elementor-section-boxed elementor-section-height-default elementor-section-height-default\" data-id=\"241cff4e\" data-element_type=\"section\" data-e-type=\"section\">\n\t\t\t\t\t\t<div class=\"elementor-container elementor-column-gap-extended\">\n\t\t\t\t\t<div class=\"elementor-column elementor-col-25 elementor-inner-column elementor-element elementor-element-47e7d309\" data-id=\"47e7d309\" data-element_type=\"column\" data-e-type=\"column\">\n\t\t\t<div class=\"elementor-widget-wrap elementor-element-populated\">\n\t\t\t\t\t\t<div class=\"elementor-element elementor-element-777fc3ae elementor-widget elementor-widget-image\" data-id=\"777fc3ae\" data-element_type=\"widget\" data-e-type=\"widget\" data-widget_type=\"image.default\">\n\t\t\t\t<div class=\"elementor-widget-container\">\n\t\t\t\t\t\t\t\t\t\t\t\t\t\t\t\t<a href=\"https:\/\/hotelnordurljos.is\/wp-content\/uploads\/2019\/06\/2mblake.jpg\" data-elementor-open-lightbox=\"yes\" data-elementor-lightbox-title=\"2mblake\" data-e-action-hash=\"#elementor-action%3Aaction%3Dlightbox%26settings%3DeyJpZCI6Nzk4OSwidXJsIjoiaHR0cHM6XC9cL2hvdGVsbm9yZHVybGpvcy5pc1wvd3AtY29udGVudFwvdXBsb2Fkc1wvMjAxOVwvMDZcLzJtYmxha2UuanBnIn0%3D\">\n\t\t\t\t\t\t\t<img decoding=\"async\" src=\"https:\/\/hotelnordurljos.is\/wp-content\/uploads\/elementor\/thumbs\/2mblake-pdtuyfea8lsdqev46bmjn3vcocpwrfj65elasfbtxc.jpg\" title=\"2mblake\" alt=\"2mblake\" class=\"elementor-animation-float\" loading=\"lazy\" \/>\t\t\t\t\t\t\t\t<\/a>\n\t\t\t\t\t\t\t\t\t\t\t\t\t\t\t<\/div>\n\t\t\t\t<\/div>\n\t\t\t\t\t<\/div>\n\t\t<\/div>\n\t\t\t\t<div class=\"elementor-column elementor-col-25 elementor-inner-column elementor-element elementor-element-5be4be38\" data-id=\"5be4be38\" data-element_type=\"column\" data-e-type=\"column\">\n\t\t\t<div class=\"elementor-widget-wrap elementor-element-populated\">\n\t\t\t\t\t\t<div class=\"elementor-element elementor-element-332de043 elementor-widget elementor-widget-image\" data-id=\"332de043\" data-element_type=\"widget\" data-e-type=\"widget\" data-widget_type=\"image.default\">\n\t\t\t\t<div class=\"elementor-widget-container\">\n\t\t\t\t\t\t\t\t\t\t\t\t\t\t\t\t<a href=\"https:\/\/hotelnordurljos.is\/wp-content\/uploads\/2019\/06\/2mbhorse.jpg\" data-elementor-open-lightbox=\"yes\" data-elementor-lightbox-title=\"2mbhorse\" data-e-action-hash=\"#elementor-action%3Aaction%3Dlightbox%26settings%3DeyJpZCI6Nzk4OCwidXJsIjoiaHR0cHM6XC9cL2hvdGVsbm9yZHVybGpvcy5pc1wvd3AtY29udGVudFwvdXBsb2Fkc1wvMjAxOVwvMDZcLzJtYmhvcnNlLmpwZyJ9\">\n\t\t\t\t\t\t\t<img decoding=\"async\" src=\"https:\/\/hotelnordurljos.is\/wp-content\/uploads\/elementor\/thumbs\/2mbhorse-pdtuzs9w3znai4w48wr58rjbke0zvox7o4ijqtbcxs.jpg\" title=\"2mbhorse\" alt=\"2mbhorse\" class=\"elementor-animation-float\" loading=\"lazy\" \/>\t\t\t\t\t\t\t\t<\/a>\n\t\t\t\t\t\t\t\t\t\t\t\t\t\t\t<\/div>\n\t\t\t\t<\/div>\n\t\t\t\t\t<\/div>\n\t\t<\/div>\n\t\t\t\t<div class=\"elementor-column elementor-col-25 elementor-inner-column elementor-element elementor-element-1d0ae5c7\" data-id=\"1d0ae5c7\" data-element_type=\"column\" data-e-type=\"column\">\n\t\t\t<div class=\"elementor-widget-wrap elementor-element-populated\">\n\t\t\t\t\t\t<div class=\"elementor-element elementor-element-141fdf45 elementor-widget elementor-widget-image\" data-id=\"141fdf45\" data-element_type=\"widget\" data-e-type=\"widget\" data-widget_type=\"image.default\">\n\t\t\t\t<div class=\"elementor-widget-container\">\n\t\t\t\t\t\t\t\t\t\t\t\t\t\t\t\t<a href=\"https:\/\/hotelnordurljos.is\/wp-content\/uploads\/2019\/05\/umhverfi2.jpg\" data-elementor-open-lightbox=\"yes\" data-elementor-lightbox-title=\"Umhverfi\" data-e-action-hash=\"#elementor-action%3Aaction%3Dlightbox%26settings%3DeyJpZCI6NzgyMiwidXJsIjoiaHR0cHM6XC9cL2hvdGVsbm9yZHVybGpvcy5pc1wvd3AtY29udGVudFwvdXBsb2Fkc1wvMjAxOVwvMDVcL3VtaHZlcmZpMi5qcGcifQ%3D%3D\">\n\t\t\t\t\t\t\t<img decoding=\"async\" src=\"https:\/\/hotelnordurljos.is\/wp-content\/uploads\/elementor\/thumbs\/umhverfi2-pdtuygc4ffto20tr0u167lmt9ql9z4mwhj8s9pafr4.jpg\" title=\"Umhverfi\" alt=\"Umhverfi\" class=\"elementor-animation-float\" loading=\"lazy\" \/>\t\t\t\t\t\t\t\t<\/a>\n\t\t\t\t\t\t\t\t\t\t\t\t\t\t\t<\/div>\n\t\t\t\t<\/div>\n\t\t\t\t\t<\/div>\n\t\t<\/div>\n\t\t\t\t<div class=\"elementor-column elementor-col-25 elementor-inner-column elementor-element elementor-element-21b62d3\" data-id=\"21b62d3\" data-element_type=\"column\" data-e-type=\"column\">\n\t\t\t<div class=\"elementor-widget-wrap elementor-element-populated\">\n\t\t\t\t\t\t<div class=\"elementor-element elementor-element-bbf67e4 elementor-widget elementor-widget-image\" data-id=\"bbf67e4\" data-element_type=\"widget\" data-e-type=\"widget\" data-widget_type=\"image.default\">\n\t\t\t\t<div class=\"elementor-widget-container\">\n\t\t\t\t\t\t\t\t\t\t\t\t\t\t\t\t<a href=\"https:\/\/hotelnordurljos.is\/wp-content\/uploads\/2019\/06\/2mbbeach.jpg\" data-elementor-open-lightbox=\"yes\" data-elementor-lightbox-title=\"2mbbeach\" data-e-action-hash=\"#elementor-action%3Aaction%3Dlightbox%26settings%3DeyJpZCI6Nzk4NiwidXJsIjoiaHR0cHM6XC9cL2hvdGVsbm9yZHVybGpvcy5pc1wvd3AtY29udGVudFwvdXBsb2Fkc1wvMjAxOVwvMDZcLzJtYmJlYWNoLmpwZyJ9\">\n\t\t\t\t\t\t\t<img decoding=\"async\" src=\"https:\/\/hotelnordurljos.is\/wp-content\/uploads\/elementor\/thumbs\/2mbbeach-pdtuyoso4y58yihgnfotc1hym7fkwekhip45l6xw74.jpg\" title=\"2mbbeach\" alt=\"2mbbeach\" class=\"elementor-animation-float\" loading=\"lazy\" \/>\t\t\t\t\t\t\t\t<\/a>\n\t\t\t\t\t\t\t\t\t\t\t\t\t\t\t<\/div>\n\t\t\t\t<\/div>\n\t\t\t\t\t<\/div>\n\t\t<\/div>\n\t\t\t\t\t<\/div>\n\t\t<\/section>\n\t\t\t\t\t<\/div>\n\t\t<\/div>\n\t\t\t\t\t<\/div>\n\t\t<\/section>\n\t\t\t\t<\/div>\n\t\t","protected":false},"excerpt":{"rendered":"<p>https:\/\/vimeo.com\/337652868\/bb483e9747 The village of Raufarh\u00f6fn is the community that lies farthest north in Iceland. It is located in the eastern part of the Sl\u00e9ttan (Melrakkas\u00e9tta) close to the Arctic Circle. A wide and untouched open area surrounds the village with a lot of birds and varied vegetation. In summer one will observe wild migratory birds [&hellip;]<\/p>\n","protected":false},"author":1,"featured_media":0,"parent":0,"menu_order":0,"comment_status":"closed","ping_status":"closed","template":"","meta":{"footnotes":""},"class_list":["post-7832","page","type-page","status-publish","hentry"],"_links":{"self":[{"href":"https:\/\/hotelnordurljos.is\/en\/wp-json\/wp\/v2\/pages\/7832","targetHints":{"allow":["GET"]}}],"collection":[{"href":"https:\/\/hotelnordurljos.is\/en\/wp-json\/wp\/v2\/pages"}],"about":[{"href":"https:\/\/hotelnordurljos.is\/en\/wp-json\/wp\/v2\/types\/page"}],"author":[{"embeddable":true,"href":"https:\/\/hotelnordurljos.is\/en\/wp-json\/wp\/v2\/users\/1"}],"replies":[{"embeddable":true,"href":"https:\/\/hotelnordurljos.is\/en\/wp-json\/wp\/v2\/comments?post=7832"}],"version-history":[{"count":0,"href":"https:\/\/hotelnordurljos.is\/en\/wp-json\/wp\/v2\/pages\/7832\/revisions"}],"wp:attachment":[{"href":"https:\/\/hotelnordurljos.is\/en\/wp-json\/wp\/v2\/media?parent=7832"}],"curies":[{"name":"wp","href":"https:\/\/api.w.org\/{rel}","templated":true}]}}