{"id":7828,"date":"2019-05-21T23:16:38","date_gmt":"2019-05-21T23:16:38","guid":{"rendered":"https:\/\/hns.tonaflod.is\/home\/"},"modified":"2020-08-07T11:47:48","modified_gmt":"2020-08-07T11:47:48","slug":"home","status":"publish","type":"page","link":"https:\/\/hotelnordurljos.is\/en\/","title":{"rendered":"Home"},"content":{"rendered":"\t\t<div data-elementor-type=\"wp-post\" data-elementor-id=\"7828\" class=\"elementor elementor-7828 elementor-4579\" data-elementor-post-type=\"page\">\n\t\t\t\t\t\t<section class=\"elementor-section elementor-top-section elementor-element elementor-element-d40bb0a elementor-section-full_width elementor-hidden-phone elementor-section-height-default elementor-section-height-default\" data-id=\"d40bb0a\" data-element_type=\"section\" data-e-type=\"section\">\n\t\t\t\t\t\t<div class=\"elementor-container elementor-column-gap-no\">\n\t\t\t\t\t<div class=\"elementor-column elementor-col-100 elementor-top-column elementor-element elementor-element-e65428b\" data-id=\"e65428b\" data-element_type=\"column\" data-e-type=\"column\">\n\t\t\t<div class=\"elementor-widget-wrap elementor-element-populated\">\n\t\t\t\t\t\t<div class=\"elementor-element elementor-element-f1314c8 elementor--h-position-center elementor--v-position-middle elementor-arrows-position-inside elementor-widget elementor-widget-slides\" data-id=\"f1314c8\" data-element_type=\"widget\" data-e-type=\"widget\" data-settings=\"{&quot;navigation&quot;:&quot;arrows&quot;,&quot;autoplay_speed&quot;:7000,&quot;autoplay&quot;:&quot;yes&quot;,&quot;pause_on_hover&quot;:&quot;yes&quot;,&quot;pause_on_interaction&quot;:&quot;yes&quot;,&quot;infinite&quot;:&quot;yes&quot;,&quot;transition&quot;:&quot;slide&quot;,&quot;transition_speed&quot;:500}\" data-widget_type=\"slides.default\">\n\t\t\t\t<div class=\"elementor-widget-container\">\n\t\t\t\t\t\t\t\t\t<div class=\"elementor-swiper\">\n\t\t\t\t\t<div class=\"elementor-slides-wrapper elementor-main-swiper swiper\" role=\"region\" aria-roledescription=\"carousel\" aria-label=\"Slides\" dir=\"ltr\" data-animation=\"\">\n\t\t\t\t<div class=\"swiper-wrapper elementor-slides\">\n\t\t\t\t\t\t\t\t\t\t<div class=\"elementor-repeater-item-7ca2016 swiper-slide\" role=\"group\" aria-roledescription=\"slide\"><div class=\"swiper-slide-bg elementor-ken-burns elementor-ken-burns--in\" role=\"img\" aria-label=\"HotelNordurljos1\"><\/div><div class=\"elementor-background-overlay\"><\/div><a class=\"swiper-slide-inner\" href=\"https:\/\/bemarchannel.eu\/booking.php?propid=7416&#038;page=getdates&#038;type=0&#038;referer=Heimasida\" target=\"_blank\"><div class=\"swiper-slide-contents\"><div class=\"elementor-slide-heading\">Welcome<\/div><div class=\"elementor-slide-description\"><p>to H\u00f3tel Nor\u00f0urlj\u00f3s in Raufarh\u00f6fn<\/p>\n<\/div><div  class=\"elementor-button elementor-slide-button elementor-size-sm\">Book Now<\/div><\/div><\/a><\/div><div class=\"elementor-repeater-item-1cc8267 swiper-slide\" role=\"group\" aria-roledescription=\"slide\"><div class=\"swiper-slide-bg elementor-ken-burns elementor-ken-burns--out\" role=\"img\" aria-label=\"HotelNordurljos2\"><\/div><div class=\"elementor-background-overlay\"><\/div><a class=\"swiper-slide-inner\" href=\"https:\/\/hotelnordurljos.is\/en\/menu\/\"><div class=\"swiper-slide-contents\"><div class=\"elementor-slide-heading\">The Restaurant<\/div><div class=\"elementor-slide-description\"><p>offers a variety of meals and great fish dishes<\/p>\n<\/div><div  class=\"elementor-button elementor-slide-button elementor-size-sm\">View Menu<\/div><\/div><\/a><\/div><div class=\"elementor-repeater-item-44f2fd3 swiper-slide\" role=\"group\" aria-roledescription=\"slide\"><div class=\"swiper-slide-bg elementor-ken-burns elementor-ken-burns--in\" role=\"img\" aria-label=\"HotelNordurljos3\"><\/div><div class=\"elementor-background-overlay\"><\/div><a class=\"swiper-slide-inner\" href=\"https:\/\/hotelnordurljos.is\/en\/rooms\/\"><div class=\"swiper-slide-contents\"><div class=\"elementor-slide-heading\">Rooms<\/div><div class=\"elementor-slide-description\"><p>There are 15 en suite rooms, restaurant for around 80 guests and a bar<\/p>\n<\/div><div  class=\"elementor-button elementor-slide-button elementor-size-sm\">View Rooms<\/div><\/div><\/a><\/div>\t\t\t\t<\/div>\n\t\t\t\t\t\t\t\t\t\t\t\t\t\t\t<div class=\"elementor-swiper-button elementor-swiper-button-prev\" role=\"button\" tabindex=\"0\" aria-label=\"Previous slide\">\n\t\t\t\t\t\t\t<i aria-hidden=\"true\" class=\"eicon-chevron-left\"><\/i>\t\t\t\t\t\t<\/div>\n\t\t\t\t\t\t<div class=\"elementor-swiper-button elementor-swiper-button-next\" role=\"button\" tabindex=\"0\" aria-label=\"Next slide\">\n\t\t\t\t\t\t\t<i aria-hidden=\"true\" class=\"eicon-chevron-right\"><\/i>\t\t\t\t\t\t<\/div>\n\t\t\t\t\t\t\t\t\t\t\t\t\t\t\t\t\t<\/div>\n\t\t\t\t<\/div>\n\t\t\t\t\t\t\t\t<\/div>\n\t\t\t\t<\/div>\n\t\t\t\t\t<\/div>\n\t\t<\/div>\n\t\t\t\t\t<\/div>\n\t\t<\/section>\n\t\t\t\t<section class=\"elementor-section elementor-top-section elementor-element elementor-element-707b270 elementor-section-full_width elementor-hidden-desktop elementor-hidden-tablet elementor-section-height-default elementor-section-height-default\" data-id=\"707b270\" data-element_type=\"section\" data-e-type=\"section\">\n\t\t\t\t\t\t<div class=\"elementor-container elementor-column-gap-no\">\n\t\t\t\t\t<div class=\"elementor-column elementor-col-100 elementor-top-column elementor-element elementor-element-6fffcf7\" data-id=\"6fffcf7\" data-element_type=\"column\" data-e-type=\"column\">\n\t\t\t<div class=\"elementor-widget-wrap elementor-element-populated\">\n\t\t\t\t\t\t<div class=\"elementor-element elementor-element-f73c77d elementor-arrows-position-inside elementor-widget elementor-widget-slides\" data-id=\"f73c77d\" data-element_type=\"widget\" data-e-type=\"widget\" data-settings=\"{&quot;navigation&quot;:&quot;arrows&quot;,&quot;autoplay_speed&quot;:7000,&quot;autoplay&quot;:&quot;yes&quot;,&quot;pause_on_hover&quot;:&quot;yes&quot;,&quot;pause_on_interaction&quot;:&quot;yes&quot;,&quot;infinite&quot;:&quot;yes&quot;,&quot;transition&quot;:&quot;slide&quot;,&quot;transition_speed&quot;:500}\" data-widget_type=\"slides.default\">\n\t\t\t\t<div class=\"elementor-widget-container\">\n\t\t\t\t\t\t\t\t\t<div class=\"elementor-swiper\">\n\t\t\t\t\t<div class=\"elementor-slides-wrapper elementor-main-swiper swiper\" role=\"region\" aria-roledescription=\"carousel\" aria-label=\"Slides\" dir=\"ltr\" data-animation=\"\">\n\t\t\t\t<div class=\"swiper-wrapper elementor-slides\">\n\t\t\t\t\t\t\t\t\t\t<div class=\"elementor-repeater-item-7ca2016 swiper-slide\" role=\"group\" aria-roledescription=\"slide\"><div class=\"swiper-slide-bg elementor-ken-burns elementor-ken-burns--in\" role=\"img\" aria-label=\"HotelNordurljos1\"><\/div><div class=\"elementor-background-overlay\"><\/div><a class=\"swiper-slide-inner\" href=\"https:\/\/bemarchannel.eu\/booking.php?propid=7416&#038;page=getdates&#038;type=0&#038;referer=Heimasida\" target=\"_blank\"><div class=\"swiper-slide-contents\"><div class=\"elementor-slide-heading\">Welcome<\/div><div class=\"elementor-slide-description\">\n<\/div><div  class=\"elementor-button elementor-slide-button elementor-size-xs\">Book Now<\/div><\/div><\/a><\/div><div class=\"elementor-repeater-item-1cc8267 swiper-slide\" role=\"group\" aria-roledescription=\"slide\"><div class=\"swiper-slide-bg elementor-ken-burns elementor-ken-burns--out\" role=\"img\" aria-label=\"HotelNordurljos2\"><\/div><div class=\"elementor-background-overlay\"><\/div><a class=\"swiper-slide-inner\" href=\"\/en\/menu\/\"><div class=\"swiper-slide-contents\"><div class=\"elementor-slide-heading\">The Restaurant<\/div><div class=\"elementor-slide-description\">\n<\/div><div  class=\"elementor-button elementor-slide-button elementor-size-xs\">View Menu<\/div><\/div><\/a><\/div><div class=\"elementor-repeater-item-44f2fd3 swiper-slide\" role=\"group\" aria-roledescription=\"slide\"><div class=\"swiper-slide-bg elementor-ken-burns elementor-ken-burns--in\" role=\"img\" aria-label=\"\"><\/div><div class=\"elementor-background-overlay\"><\/div><a class=\"swiper-slide-inner\" href=\"\/en\/rooms\/\"><div class=\"swiper-slide-contents\"><div class=\"elementor-slide-heading\">Rooms<\/div><div  class=\"elementor-button elementor-slide-button elementor-size-xs\">View Rooms<\/div><\/div><\/a><\/div><div class=\"elementor-repeater-item-57fca38 swiper-slide\" role=\"group\" aria-roledescription=\"slide\"><div class=\"swiper-slide-bg elementor-ken-burns elementor-ken-burns--in\" role=\"img\" aria-label=\"H\u00f3tel Nor\u00f0urlj\u00f3s\"><\/div><div class=\"elementor-background-overlay\"><\/div><a class=\"swiper-slide-inner\" href=\"\/en\/surroundings\/\"><div class=\"swiper-slide-contents\"><div class=\"elementor-slide-heading\">Surroundings<\/div><div  class=\"elementor-button elementor-slide-button elementor-size-xs\">View<\/div><\/div><\/a><\/div>\t\t\t\t<\/div>\n\t\t\t\t\t\t\t\t\t\t\t\t\t\t\t<div class=\"elementor-swiper-button elementor-swiper-button-prev\" role=\"button\" tabindex=\"0\" aria-label=\"Previous slide\">\n\t\t\t\t\t\t\t<i aria-hidden=\"true\" class=\"eicon-chevron-left\"><\/i>\t\t\t\t\t\t<\/div>\n\t\t\t\t\t\t<div class=\"elementor-swiper-button elementor-swiper-button-next\" role=\"button\" tabindex=\"0\" aria-label=\"Next slide\">\n\t\t\t\t\t\t\t<i aria-hidden=\"true\" class=\"eicon-chevron-right\"><\/i>\t\t\t\t\t\t<\/div>\n\t\t\t\t\t\t\t\t\t\t\t\t\t\t\t\t\t<\/div>\n\t\t\t\t<\/div>\n\t\t\t\t\t\t\t\t<\/div>\n\t\t\t\t<\/div>\n\t\t\t\t\t<\/div>\n\t\t<\/div>\n\t\t\t\t\t<\/div>\n\t\t<\/section>\n\t\t\t\t<section class=\"elementor-section elementor-top-section elementor-element elementor-element-3674918d elementor-section-content-middle elementor-section-boxed elementor-section-height-default elementor-section-height-default\" data-id=\"3674918d\" data-element_type=\"section\" data-e-type=\"section\" data-settings=\"{&quot;background_background&quot;:&quot;classic&quot;}\">\n\t\t\t\t\t\t<div class=\"elementor-container elementor-column-gap-no\">\n\t\t\t\t\t<div class=\"elementor-column elementor-col-50 elementor-top-column elementor-element elementor-element-6fc0a638\" data-id=\"6fc0a638\" data-element_type=\"column\" data-e-type=\"column\">\n\t\t\t<div class=\"elementor-widget-wrap elementor-element-populated\">\n\t\t\t\t\t\t<div class=\"elementor-element elementor-element-32ae694 elementor-widget elementor-widget-heading\" data-id=\"32ae694\" data-element_type=\"widget\" data-e-type=\"widget\" data-widget_type=\"heading.default\">\n\t\t\t\t<div class=\"elementor-widget-container\">\n\t\t\t\t\t<h1 class=\"elementor-heading-title elementor-size-default\">H\u00f3tel Nor\u00f0urlj\u00f3s<\/h1>\t\t\t\t<\/div>\n\t\t\t\t<\/div>\n\t\t\t\t<div class=\"elementor-element elementor-element-ce13f91 elementor-widget elementor-widget-text-editor\" data-id=\"ce13f91\" data-element_type=\"widget\" data-e-type=\"widget\" data-widget_type=\"text-editor.default\">\n\t\t\t\t<div class=\"elementor-widget-container\">\n\t\t\t\t\t\t\t\t\t<p>H\u00f3tel Nor\u00f0urlj\u00f3s (Hotel Northern Lights) has been a part of the history of Raufarh\u00f6fn for the last 40 years. With panoramic views of the Raufarh\u00f6fn fishing village in north-eastern Iceland, this hotel is located on the Melrakkasl\u00e9tta plain.<\/p>\n<p>It features a sea-view restaurant with a bar and terrace. A TV, desk, free wi-fi and private bathroom with a shower are provided in all rooms at Hotel Nordurljos. A variety of dishes, including fresh fish, are served in the on-site restaurant. <\/p>\n<p>Bird watching is a popular area activity, along with trout fishing and hiking. <\/p>\n<p>With 1.5 km of the hotel is an indoor swimming pool, sauna and the modern Arctic Henge monument at Raufarh\u00f6fn. The Arctic Circle is only 8 km from the hotel.<\/p>\n\t\t\t\t\t\t\t\t<\/div>\n\t\t\t\t<\/div>\n\t\t\t\t<div class=\"elementor-element elementor-element-ce64346 elementor-widget elementor-widget-text-editor\" data-id=\"ce64346\" data-element_type=\"widget\" data-e-type=\"widget\" data-widget_type=\"text-editor.default\">\n\t\t\t\t<div class=\"elementor-widget-container\">\n\t\t\t\t\t\t\t\t\t<p><iframe src=\"https:\/\/bemarbooking.eu\/bokunarkerfi\/hotelnordurljos.is\" width=\"100%\" height=\"200\"><\/p>\n<p><\/iframe><\/p>\n\t\t\t\t\t\t\t\t<\/div>\n\t\t\t\t<\/div>\n\t\t\t\t\t<\/div>\n\t\t<\/div>\n\t\t\t\t<div class=\"elementor-column elementor-col-25 elementor-top-column elementor-element elementor-element-3a69d7e9\" data-id=\"3a69d7e9\" data-element_type=\"column\" data-e-type=\"column\">\n\t\t\t<div class=\"elementor-widget-wrap elementor-element-populated\">\n\t\t\t\t\t\t<div class=\"elementor-element elementor-element-79ba11f8 elementor-widget elementor-widget-image\" data-id=\"79ba11f8\" data-element_type=\"widget\" data-e-type=\"widget\" data-widget_type=\"image.default\">\n\t\t\t\t<div class=\"elementor-widget-container\">\n\t\t\t\t\t\t\t\t\t\t\t\t\t\t\t<img decoding=\"async\" src=\"https:\/\/hotelnordurljos.is\/wp-content\/uploads\/elementor\/thumbs\/17352182_401770080182174_3712409224522015819_n-pdtuzyuiwuidmpl0arnh7mh3xboz89xy7uf9akfswg.jpg\" title=\"Heimsakutsger\u00f0i\/Arctichenge\" alt=\"Heimsakutsger\u00f0i\/Arctichenge\" class=\"elementor-animation-sink\" loading=\"lazy\" \/>\t\t\t\t\t\t\t\t\t\t\t\t\t\t\t<\/div>\n\t\t\t\t<\/div>\n\t\t\t\t\t<\/div>\n\t\t<\/div>\n\t\t\t\t<div class=\"elementor-column elementor-col-25 elementor-top-column elementor-element elementor-element-14863118\" data-id=\"14863118\" data-element_type=\"column\" data-e-type=\"column\">\n\t\t\t<div class=\"elementor-widget-wrap elementor-element-populated\">\n\t\t\t\t\t\t<div class=\"elementor-element elementor-element-29066c6f elementor-hidden-tablet elementor-hidden-phone elementor-widget elementor-widget-image\" data-id=\"29066c6f\" data-element_type=\"widget\" data-e-type=\"widget\" data-widget_type=\"image.default\">\n\t\t\t\t<div class=\"elementor-widget-container\">\n\t\t\t\t\t\t\t\t\t\t\t\t\t\t\t<img decoding=\"async\" src=\"https:\/\/hotelnordurljos.is\/wp-content\/uploads\/elementor\/thumbs\/salmon-pdtuzyuiwufjbqvkme96k3b203fyuu218ey35rsxoo.jpg\" title=\"Lax\/Salmon\" alt=\"Lax\/Salmon\" class=\"elementor-animation-sink\" loading=\"lazy\" \/>\t\t\t\t\t\t\t\t\t\t\t\t\t\t\t<\/div>\n\t\t\t\t<\/div>\n\t\t\t\t<div class=\"elementor-element elementor-element-1dab4bf elementor-hidden-tablet elementor-hidden-phone elementor-widget elementor-widget-image\" data-id=\"1dab4bf\" data-element_type=\"widget\" data-e-type=\"widget\" data-widget_type=\"image.default\">\n\t\t\t\t<div class=\"elementor-widget-container\">\n\t\t\t\t\t\t\t\t\t\t\t\t\t\t\t<img decoding=\"async\" src=\"https:\/\/hotelnordurljos.is\/wp-content\/uploads\/elementor\/thumbs\/barinn-pdtuyqo3zmr262nqsd5pswge2zhpt26neca9lrmft4.jpg\" title=\"Barinn\/Bar\" alt=\"Barinn\/Bar\" class=\"elementor-animation-sink\" loading=\"lazy\" \/>\t\t\t\t\t\t\t\t\t\t\t\t\t\t\t<\/div>\n\t\t\t\t<\/div>\n\t\t\t\t\t<\/div>\n\t\t<\/div>\n\t\t\t\t\t<\/div>\n\t\t<\/section>\n\t\t\t\t<\/div>\n\t\t","protected":false},"excerpt":{"rendered":"<p>Welcome to H\u00f3tel Nor\u00f0urlj\u00f3s in Raufarh\u00f6fn Book NowThe Restaurant offers a variety of meals and great fish dishes View MenuRooms There are 15 en suite rooms, restaurant for around 80 guests and a bar View Rooms Previous Next Welcome Book NowThe Restaurant View MenuRoomsView RoomsSurroundingsView Previous Next H\u00f3tel Nor\u00f0urlj\u00f3s H\u00f3tel Nor\u00f0urlj\u00f3s (Hotel Northern Lights) has [&hellip;]<\/p>\n","protected":false},"author":1,"featured_media":0,"parent":0,"menu_order":0,"comment_status":"closed","ping_status":"closed","template":"elementor_header_footer","meta":{"footnotes":""},"class_list":["post-7828","page","type-page","status-publish","hentry"],"_links":{"self":[{"href":"https:\/\/hotelnordurljos.is\/en\/wp-json\/wp\/v2\/pages\/7828","targetHints":{"allow":["GET"]}}],"collection":[{"href":"https:\/\/hotelnordurljos.is\/en\/wp-json\/wp\/v2\/pages"}],"about":[{"href":"https:\/\/hotelnordurljos.is\/en\/wp-json\/wp\/v2\/types\/page"}],"author":[{"embeddable":true,"href":"https:\/\/hotelnordurljos.is\/en\/wp-json\/wp\/v2\/users\/1"}],"replies":[{"embeddable":true,"href":"https:\/\/hotelnordurljos.is\/en\/wp-json\/wp\/v2\/comments?post=7828"}],"version-history":[{"count":0,"href":"https:\/\/hotelnordurljos.is\/en\/wp-json\/wp\/v2\/pages\/7828\/revisions"}],"wp:attachment":[{"href":"https:\/\/hotelnordurljos.is\/en\/wp-json\/wp\/v2\/media?parent=7828"}],"curies":[{"name":"wp","href":"https:\/\/api.w.org\/{rel}","templated":true}]}}